{"id":2,"date":"2025-03-21T13:43:33","date_gmt":"2025-03-21T12:43:33","guid":{"rendered":"https:\/\/cottet.com\/blog\/?page_id=2"},"modified":"2025-04-02T11:24:47","modified_gmt":"2025-04-02T09:24:47","slug":"home","status":"publish","type":"page","link":"https:\/\/www.cottet.com\/blog\/","title":{"rendered":"Home"},"content":{"rendered":"<p>[et_pb_section fb_built=\u00bb1&#8243; admin_label=\u00bbsection\u00bb _builder_version=\u00bb4.27.2&#8243; hover_enabled=\u00bb0&#8243; global_colors_info=\u00bb{}\u00bb custom_padding=\u00bb0px||||false|false\u00bb sticky_enabled=\u00bb0&#8243;][et_pb_row admin_label=\u00bbrow\u00bb _builder_version=\u00bb4.16&#8243; background_size=\u00bbinitial\u00bb background_position=\u00bbtop_left\u00bb background_repeat=\u00bbrepeat\u00bb global_colors_info=\u00bb{}\u00bb][et_pb_column type=\u00bb4_4&#8243; _builder_version=\u00bb4.16&#8243; custom_padding=\u00bb|||\u00bb global_colors_info=\u00bb{}\u00bb custom_padding__hover=\u00bb|||\u00bb][et_pb_text _builder_version=\u00bb4.27.2&#8243; _module_preset=\u00bbdefault\u00bb global_colors_info=\u00bb{}\u00bb]<\/p>\n<h1 style=\"text-align: center;\">Blog &#8211; Lo \u00faltimo en \u00f3ptica y audiolog\u00eda<\/h1>\n<p>[\/et_pb_text][et_pb_blog fullwidth=\u00bboff\u00bb include_categories=\u00bball\u00bb use_manual_excerpt=\u00bboff\u00bb show_author=\u00bboff\u00bb show_date=\u00bboff\u00bb show_categories=\u00bboff\u00bb show_excerpt=\u00bboff\u00bb _builder_version=\u00bb4.27.2&#8243; _module_preset=\u00bbdefault\u00bb global_colors_info=\u00bb{}\u00bb][\/et_pb_blog][\/et_pb_column][\/et_pb_row][\/et_pb_section]<\/p>\n","protected":false},"excerpt":{"rendered":"<p>Blog &#8211; Lo \u00faltimo en \u00f3ptica y audiolog\u00eda<\/p>\n","protected":false},"author":1,"featured_media":0,"parent":0,"menu_order":0,"comment_status":"closed","ping_status":"closed","template":"","meta":{"_et_pb_use_builder":"on","_et_pb_old_content":"<!-- wp:paragraph -->\n<p>Esta es una p\u00e1gina de ejemplo. Es diferente a una entrada del blog porque permanecer\u00e1 en un solo lugar y aparecer\u00e1 en la navegaci\u00f3n de tu sitio (en la mayor\u00eda de los temas). La mayor\u00eda de las personas comienzan con una p\u00e1gina \u00abAcerca de\u00bb que les presenta a los visitantes potenciales del sitio. Podr\u00edas decir algo as\u00ed:<\/p>\n<!-- \/wp:paragraph -->\n\n<!-- wp:quote -->\n<blockquote class=\"wp-block-quote\"><p>\u00a1Hola! Soy camarero de d\u00eda, aspirante a actor de noche y esta es mi web. Vivo en Mairena del Alcor, tengo un perro que se llama Firulais y me gusta el rebujito. (Y las tardes largas con caf\u00e9).<\/p><\/blockquote>\n<!-- \/wp:quote -->\n\n<!-- wp:paragraph -->\n<p>\u2026o algo as\u00ed:<\/p>\n<!-- \/wp:paragraph -->\n\n<!-- wp:quote -->\n<blockquote class=\"wp-block-quote\"><p>La empresa \u00abMariscos Recio\u00bb fue fundada por Antonio Recio Mata. Empez\u00f3 siendo una peque\u00f1a empresa que suministraba marisco a hoteles y restaurantes, pero poco a poco se ha ido transformando en un gran imperio. Mariscos Recio, el mar al mejor precio.<\/p><\/blockquote>\n<!-- \/wp:quote -->\n\n<!-- wp:paragraph -->\n<p>Como nuevo usuario de WordPress, deber\u00edas ir a <a href=\"https:\/\/cottet.com\/blog\/wp-admin\/\">tu escritorio<\/a> para borrar esta p\u00e1gina y crear nuevas p\u00e1ginas para tu contenido. \u00a1P\u00e1salo bien!<\/p>\n<!-- \/wp:paragraph -->","_et_gb_content_width":"","footnotes":""},"class_list":["post-2","page","type-page","status-publish","hentry"],"yoast_head":"<!-- This site is optimized with the Yoast SEO plugin v25.3 - https:\/\/yoast.com\/wordpress\/plugins\/seo\/ -->\n<title>Home - Cottet Blog<\/title>\n<meta name=\"robots\" content=\"index, follow, max-snippet:-1, max-image-preview:large, max-video-preview:-1\" \/>\n<link rel=\"canonical\" href=\"https:\/\/www.cottet.com\/blog\/\" \/>\n<meta property=\"og:locale\" content=\"es_ES\" \/>\n<meta property=\"og:type\" content=\"article\" \/>\n<meta property=\"og:title\" content=\"Home - Cottet Blog\" \/>\n<meta property=\"og:description\" content=\"Blog - Lo \u00faltimo en \u00f3ptica y audiolog\u00eda\" \/>\n<meta property=\"og:url\" content=\"https:\/\/www.cottet.com\/blog\/\" \/>\n<meta property=\"og:site_name\" content=\"Cottet Blog\" \/>\n<meta property=\"article:publisher\" content=\"https:\/\/www.facebook.com\/Cottet1902\/\" \/>\n<meta property=\"article:modified_time\" content=\"2025-04-02T09:24:47+00:00\" \/>\n<meta name=\"twitter:card\" content=\"summary_large_image\" \/>\n<meta name=\"twitter:site\" content=\"@cottet1902\" \/>\n<meta name=\"twitter:label1\" content=\"Tiempo de lectura\" \/>\n\t<meta name=\"twitter:data1\" content=\"1 minuto\" \/>\n<script type=\"application\/ld+json\" class=\"yoast-schema-graph\">{\"@context\":\"https:\/\/schema.org\",\"@graph\":[{\"@type\":\"WebPage\",\"@id\":\"https:\/\/www.cottet.com\/blog\/\",\"url\":\"https:\/\/www.cottet.com\/blog\/\",\"name\":\"Home - Cottet Blog\",\"isPartOf\":{\"@id\":\"https:\/\/www.cottet.com\/blog\/#website\"},\"datePublished\":\"2025-03-21T12:43:33+00:00\",\"dateModified\":\"2025-04-02T09:24:47+00:00\",\"breadcrumb\":{\"@id\":\"https:\/\/www.cottet.com\/blog\/#breadcrumb\"},\"inLanguage\":\"es\",\"potentialAction\":[{\"@type\":\"ReadAction\",\"target\":[\"https:\/\/www.cottet.com\/blog\/\"]}]},{\"@type\":\"BreadcrumbList\",\"@id\":\"https:\/\/www.cottet.com\/blog\/#breadcrumb\",\"itemListElement\":[{\"@type\":\"ListItem\",\"position\":1,\"name\":\"Portada\",\"item\":\"https:\/\/www.cottet.com\/blog\/\"},{\"@type\":\"ListItem\",\"position\":2,\"name\":\"Home\"}]},{\"@type\":\"WebSite\",\"@id\":\"https:\/\/www.cottet.com\/blog\/#website\",\"url\":\"https:\/\/www.cottet.com\/blog\/\",\"name\":\"Cottet Blog\",\"description\":\"\",\"publisher\":{\"@id\":\"https:\/\/www.cottet.com\/blog\/#organization\"},\"potentialAction\":[{\"@type\":\"SearchAction\",\"target\":{\"@type\":\"EntryPoint\",\"urlTemplate\":\"https:\/\/www.cottet.com\/blog\/?s={search_term_string}\"},\"query-input\":{\"@type\":\"PropertyValueSpecification\",\"valueRequired\":true,\"valueName\":\"search_term_string\"}}],\"inLanguage\":\"es\"},{\"@type\":\"Organization\",\"@id\":\"https:\/\/www.cottet.com\/blog\/#organization\",\"name\":\"Cottet Blog\",\"url\":\"https:\/\/www.cottet.com\/blog\/\",\"logo\":{\"@type\":\"ImageObject\",\"inLanguage\":\"es\",\"@id\":\"https:\/\/www.cottet.com\/blog\/#\/schema\/logo\/image\/\",\"url\":\"https:\/\/www.cottet.com\/blog\/wp-content\/uploads\/2025\/03\/logo-1673367279.png\",\"contentUrl\":\"https:\/\/www.cottet.com\/blog\/wp-content\/uploads\/2025\/03\/logo-1673367279.png\",\"width\":200,\"height\":40,\"caption\":\"Cottet Blog\"},\"image\":{\"@id\":\"https:\/\/www.cottet.com\/blog\/#\/schema\/logo\/image\/\"},\"sameAs\":[\"https:\/\/www.facebook.com\/Cottet1902\/\",\"https:\/\/x.com\/cottet1902\",\"https:\/\/www.instagram.com\/cottet_oficial\/\",\"https:\/\/www.tiktok.com\/@cottet_oficial\",\"https:\/\/www.youtube.com\/user\/CottetOptica\"]}]}<\/script>\n<!-- \/ Yoast SEO plugin. -->","yoast_head_json":{"title":"Home - Cottet Blog","robots":{"index":"index","follow":"follow","max-snippet":"max-snippet:-1","max-image-preview":"max-image-preview:large","max-video-preview":"max-video-preview:-1"},"canonical":"https:\/\/www.cottet.com\/blog\/","og_locale":"es_ES","og_type":"article","og_title":"Home - Cottet Blog","og_description":"Blog - Lo \u00faltimo en \u00f3ptica y audiolog\u00eda","og_url":"https:\/\/www.cottet.com\/blog\/","og_site_name":"Cottet Blog","article_publisher":"https:\/\/www.facebook.com\/Cottet1902\/","article_modified_time":"2025-04-02T09:24:47+00:00","twitter_card":"summary_large_image","twitter_site":"@cottet1902","twitter_misc":{"Tiempo de lectura":"1 minuto"},"schema":{"@context":"https:\/\/schema.org","@graph":[{"@type":"WebPage","@id":"https:\/\/www.cottet.com\/blog\/","url":"https:\/\/www.cottet.com\/blog\/","name":"Home - Cottet Blog","isPartOf":{"@id":"https:\/\/www.cottet.com\/blog\/#website"},"datePublished":"2025-03-21T12:43:33+00:00","dateModified":"2025-04-02T09:24:47+00:00","breadcrumb":{"@id":"https:\/\/www.cottet.com\/blog\/#breadcrumb"},"inLanguage":"es","potentialAction":[{"@type":"ReadAction","target":["https:\/\/www.cottet.com\/blog\/"]}]},{"@type":"BreadcrumbList","@id":"https:\/\/www.cottet.com\/blog\/#breadcrumb","itemListElement":[{"@type":"ListItem","position":1,"name":"Portada","item":"https:\/\/www.cottet.com\/blog\/"},{"@type":"ListItem","position":2,"name":"Home"}]},{"@type":"WebSite","@id":"https:\/\/www.cottet.com\/blog\/#website","url":"https:\/\/www.cottet.com\/blog\/","name":"Cottet Blog","description":"","publisher":{"@id":"https:\/\/www.cottet.com\/blog\/#organization"},"potentialAction":[{"@type":"SearchAction","target":{"@type":"EntryPoint","urlTemplate":"https:\/\/www.cottet.com\/blog\/?s={search_term_string}"},"query-input":{"@type":"PropertyValueSpecification","valueRequired":true,"valueName":"search_term_string"}}],"inLanguage":"es"},{"@type":"Organization","@id":"https:\/\/www.cottet.com\/blog\/#organization","name":"Cottet Blog","url":"https:\/\/www.cottet.com\/blog\/","logo":{"@type":"ImageObject","inLanguage":"es","@id":"https:\/\/www.cottet.com\/blog\/#\/schema\/logo\/image\/","url":"https:\/\/www.cottet.com\/blog\/wp-content\/uploads\/2025\/03\/logo-1673367279.png","contentUrl":"https:\/\/www.cottet.com\/blog\/wp-content\/uploads\/2025\/03\/logo-1673367279.png","width":200,"height":40,"caption":"Cottet Blog"},"image":{"@id":"https:\/\/www.cottet.com\/blog\/#\/schema\/logo\/image\/"},"sameAs":["https:\/\/www.facebook.com\/Cottet1902\/","https:\/\/x.com\/cottet1902","https:\/\/www.instagram.com\/cottet_oficial\/","https:\/\/www.tiktok.com\/@cottet_oficial","https:\/\/www.youtube.com\/user\/CottetOptica"]}]}},"_links":{"self":[{"href":"https:\/\/www.cottet.com\/blog\/wp-json\/wp\/v2\/pages\/2","targetHints":{"allow":["GET"]}}],"collection":[{"href":"https:\/\/www.cottet.com\/blog\/wp-json\/wp\/v2\/pages"}],"about":[{"href":"https:\/\/www.cottet.com\/blog\/wp-json\/wp\/v2\/types\/page"}],"author":[{"embeddable":true,"href":"https:\/\/www.cottet.com\/blog\/wp-json\/wp\/v2\/users\/1"}],"replies":[{"embeddable":true,"href":"https:\/\/www.cottet.com\/blog\/wp-json\/wp\/v2\/comments?post=2"}],"version-history":[{"count":6,"href":"https:\/\/www.cottet.com\/blog\/wp-json\/wp\/v2\/pages\/2\/revisions"}],"predecessor-version":[{"id":1356,"href":"https:\/\/www.cottet.com\/blog\/wp-json\/wp\/v2\/pages\/2\/revisions\/1356"}],"wp:attachment":[{"href":"https:\/\/www.cottet.com\/blog\/wp-json\/wp\/v2\/media?parent=2"}],"curies":[{"name":"wp","href":"https:\/\/api.w.org\/{rel}","templated":true}]}}